{"id":367,"date":"2022-06-20T10:45:26","date_gmt":"2022-06-20T15:45:26","guid":{"rendered":"http:\/\/best-auto-insurance.one.zysites.com\/about-us\/"},"modified":"2022-09-01T11:14:51","modified_gmt":"2022-09-01T16:14:51","slug":"about-us","status":"publish","type":"page","link":"https:\/\/www.bestautoinsurance1.com\/es\/about-us\/","title":{"rendered":"Sobre nosotros"},"content":{"rendered":"<p>Fundada en 1995, abrimos nuestra primera oficina en Jonesboro, Ga, sirviendo a toda el \u00e1rea metropolitana de Atlanta. Luego abrimos nuestra oficina actual en Gainesville, Ga en 2004 para servir a todo el norte de Georgia. Con los avances tecnol\u00f3gicos, comenzamos a servir a TODO Georgia en 2012.<\/p>\n<p>Siempre nos hemos especializado en seguros de autom\u00f3viles y trabajamos con nuestra multitud de compa\u00f1\u00edas para encontrar el mejor precio para todos nuestros clientes.<\/p>\n<p>Para brindar una cobertura \u00f3ptima al mejor costo posible, nuestra agencia se ha enfocado en tres objetivos clave:<\/p>\n<ol>\n<li>\u00a0Construya asociaciones de trabajo s\u00f3lidas con los principales proveedores de seguros de Georgia.<\/li>\n<li>\u00a0Estudie y capac\u00edtese dentro de nuestro campo para asegurarse de que Best Auto le ofrece el m\u00e1s alto nivel de atenci\u00f3n al cliente.<\/li>\n<li>Utilizar toda la tecnolog\u00eda disponible para optimizar nuestro objetivo de servicio 24\/7.<\/li>\n<\/ol>\n<p>A todos nuestros fant\u00e1sticos clientes, \u00a1gracias! \u00a1A todos los dem\u00e1s, les damos la bienvenida al privilegio de ser su agente independiente y su fuente permanente de cobertura de seguro de calidad!<\/p>\n","protected":false},"excerpt":{"rendered":"<p>Fundada en 1995, abrimos nuestra primera oficina en Jonesboro, Ga, sirviendo a toda el \u00e1rea metropolitana de Atlanta. Luego abrimos nuestra oficina actual en Gainesville, Ga en 2004 para servir a todo el norte de Georgia. Con los avances tecnol\u00f3gicos, comenzamos a servir a TODO Georgia en 2012. Siempre nos hemos especializado en seguros de [&hellip;]<\/p>\n","protected":false},"author":6,"featured_media":0,"parent":0,"menu_order":0,"comment_status":"closed","ping_status":"closed","template":"","meta":{"_acf_changed":false,"_seopress_robots_primary_cat":null,"_seopress_titles_title":"","_seopress_titles_desc":"","_seopress_robots_index":"","_analytify_skip_tracking":false,"footnotes":""},"class_list":["post-367","page","type-page","status-publish","hentry"],"acf":[],"_links":{"self":[{"href":"https:\/\/www.bestautoinsurance1.com\/es\/wp-json\/wp\/v2\/pages\/367","targetHints":{"allow":["GET"]}}],"collection":[{"href":"https:\/\/www.bestautoinsurance1.com\/es\/wp-json\/wp\/v2\/pages"}],"about":[{"href":"https:\/\/www.bestautoinsurance1.com\/es\/wp-json\/wp\/v2\/types\/page"}],"author":[{"embeddable":true,"href":"https:\/\/www.bestautoinsurance1.com\/es\/wp-json\/wp\/v2\/users\/6"}],"replies":[{"embeddable":true,"href":"https:\/\/www.bestautoinsurance1.com\/es\/wp-json\/wp\/v2\/comments?post=367"}],"version-history":[{"count":0,"href":"https:\/\/www.bestautoinsurance1.com\/es\/wp-json\/wp\/v2\/pages\/367\/revisions"}],"wp:attachment":[{"href":"https:\/\/www.bestautoinsurance1.com\/es\/wp-json\/wp\/v2\/media?parent=367"}],"curies":[{"name":"wp","href":"https:\/\/api.w.org\/{rel}","templated":true}]}}